{"id":202,"date":"2020-07-12T17:44:22","date_gmt":"2020-07-12T17:44:22","guid":{"rendered":"https:\/\/nanthai.de\/?page_id=202"},"modified":"2022-02-08T19:07:57","modified_gmt":"2022-02-08T19:07:57","slug":"wellnessbehandlungen-und-anwendungen","status":"publish","type":"page","link":"https:\/\/www.jasmin-thaimassage.de\/?page_id=202","title":{"rendered":"Wellnessbehandlungen und  Anwendungen"},"content":{"rendered":"\n<h1 class=\"wp-block-heading\" id=\"facials-body-treatment\"><strong>Facials &amp; Body Treatment<\/strong><\/h1>\n\n\n\n<p>Wellnessbehandlungen f\u00fcr Sie und Ihn<\/p>\n\n\n\n<h2 class=\"wp-block-heading\" id=\"facial-treatment\"><strong>Facial Treatment<\/strong><\/h2>\n\n\n\n<figure class=\"wp-block-image size-large\"><img loading=\"lazy\" decoding=\"async\" width=\"1024\" height=\"614\" src=\"https:\/\/nanthai.de\/wp-content\/uploads\/2020\/07\/2000-18_woman-with-white-facial-mask-1024x614.jpg\" alt=\"\" class=\"wp-image-125\" srcset=\"https:\/\/www.jasmin-thaimassage.de\/wp-content\/uploads\/2020\/07\/2000-18_woman-with-white-facial-mask-1024x614.jpg 1024w, https:\/\/www.jasmin-thaimassage.de\/wp-content\/uploads\/2020\/07\/2000-18_woman-with-white-facial-mask-300x180.jpg 300w, https:\/\/www.jasmin-thaimassage.de\/wp-content\/uploads\/2020\/07\/2000-18_woman-with-white-facial-mask-768x461.jpg 768w, https:\/\/www.jasmin-thaimassage.de\/wp-content\/uploads\/2020\/07\/2000-18_woman-with-white-facial-mask-1536x922.jpg 1536w, https:\/\/www.jasmin-thaimassage.de\/wp-content\/uploads\/2020\/07\/2000-18_woman-with-white-facial-mask.jpg 2000w\" sizes=\"auto, (max-width: 767px) 89vw, (max-width: 1000px) 54vw, (max-width: 1071px) 543px, 580px\" \/><\/figure>\n\n\n\n<p><strong>Gesichtsbehandlung<\/strong> &#8211; besteht aus<\/p>\n\n\n\n<ol class=\"wp-block-list\"><li>Ultra Facial Cleanser &#8211; milde und effektiver Gesichtsreinigung f\u00fcr jeden Hauttyp. Gl\u00e4ttet die Hautoberfl\u00e4che. PH-neutral f\u00fcr die optimale Gesichtspflege<\/li><li>Ultra Facial Toner &#8211; mildes und effektives Gesichtswasser f\u00fcr jeden Hauttyp, hilft das Hautbild zu verfeinern und ist die ideale Basis f\u00fcr den Ultra Facial Moisturizer. PH-neutral f\u00fcr die optimale Gesichtspflege. Hilft, die Oberfl\u00e4chenstruktur zu verfeinert und ist gleichzeitig die optimale Vorbereitung f\u00fcr unsere &#8222;Ultra Facial Cream&#8220;<\/li><li>Exfoliating scrub &#8211; Gesichtsbehandlung mit Micro-Peeling. Entfernt schnell und einfach \u00fcbersch\u00fcssige Hautsch\u00fcppchen. Die Haut wirkt wieder feiner, glatter und reiner.<\/li><li>Mask &#8211; Gesichtsmaske. Eine beruhigende und geschmeidig machende Maske aus verschiedenen \u00d6len, welche die Haut sanft umh\u00fcllt und f\u00fcr intensive Feuchtigkeitszufuhr sowie tiefe Entspannung sorgt. Intensive Revitalizing<\/li><li>Ultra Facial Moisturizer &#8211; langanhaltende Feuchtigkeitscreme, zieht sofort ein und hinterl\u00e4sst eine sanfte und angenehm mit Feuchtigkeit versorgte Haut. F\u00fcr ein angenehmes Hautgef\u00fchl.<\/li><\/ol>\n\n\n\n<h2 class=\"wp-block-heading\" id=\"body-treatment\"><strong>Body Treatment<\/strong><\/h2>\n\n\n\n<figure class=\"wp-block-gallery has-nested-images columns-default is-cropped wp-block-gallery-1 is-layout-flex wp-block-gallery-is-layout-flex\">\n<figure class=\"wp-block-image size-large\"><img loading=\"lazy\" decoding=\"async\" width=\"1024\" height=\"614\" data-id=\"74\" src=\"https:\/\/nanthai.de\/wp-content\/uploads\/2020\/07\/2000-1_header-1024x614.jpg\" alt=\"\" class=\"wp-image-74\" srcset=\"https:\/\/www.jasmin-thaimassage.de\/wp-content\/uploads\/2020\/07\/2000-1_header-1024x614.jpg 1024w, https:\/\/www.jasmin-thaimassage.de\/wp-content\/uploads\/2020\/07\/2000-1_header-300x180.jpg 300w, https:\/\/www.jasmin-thaimassage.de\/wp-content\/uploads\/2020\/07\/2000-1_header-768x461.jpg 768w, https:\/\/www.jasmin-thaimassage.de\/wp-content\/uploads\/2020\/07\/2000-1_header-1536x922.jpg 1536w, https:\/\/www.jasmin-thaimassage.de\/wp-content\/uploads\/2020\/07\/2000-1_header.jpg 2000w\" sizes=\"auto, (max-width: 767px) 89vw, (max-width: 1000px) 54vw, (max-width: 1071px) 543px, 580px\" \/><\/figure>\n\n\n\n<figure class=\"wp-block-image size-large\"><img loading=\"lazy\" decoding=\"async\" width=\"1024\" height=\"614\" data-id=\"152\" src=\"https:\/\/nanthai.de\/wp-content\/uploads\/2020\/07\/2000-1_sauna-1024x614.jpg\" alt=\"\" class=\"wp-image-152\" srcset=\"https:\/\/www.jasmin-thaimassage.de\/wp-content\/uploads\/2020\/07\/2000-1_sauna-1024x614.jpg 1024w, https:\/\/www.jasmin-thaimassage.de\/wp-content\/uploads\/2020\/07\/2000-1_sauna-300x180.jpg 300w, https:\/\/www.jasmin-thaimassage.de\/wp-content\/uploads\/2020\/07\/2000-1_sauna-768x461.jpg 768w, https:\/\/www.jasmin-thaimassage.de\/wp-content\/uploads\/2020\/07\/2000-1_sauna-1536x922.jpg 1536w, https:\/\/www.jasmin-thaimassage.de\/wp-content\/uploads\/2020\/07\/2000-1_sauna.jpg 2000w\" sizes=\"auto, (max-width: 767px) 89vw, (max-width: 1000px) 54vw, (max-width: 1071px) 543px, 580px\" \/><\/figure>\n<\/figure>\n\n\n\n<p><strong>Ganzk\u00f6rperbehandlung<\/strong> &#8211; besteht aus<\/p>\n\n\n\n<ol class=\"wp-block-list\"><li>Sauna &#8211; sanfte Vorbereitung f\u00fcr K\u00f6rper, Seele und Skin, Entspannung der Muskulatur, Befreiung der Atemwege ( ca. 15 Min )<\/li><li>Body Scrub  &#8211; Ganzk\u00f6rperpeeling f\u00fcr ein feineres und glatteres Hautbild<\/li><li>Body Mask &#8211; K\u00f6rpermaske. Eine beruhigende und geschmeidig machende Maske aus verschiedenen \u00d6len, welche die Haut sanft umh\u00fcllt und f\u00fcr intensive Feuchtigkeitszufuhr sowie tiefe Entspannung sorgt. Intensive Revitalizing<\/li><li>Body Massage &#8211; Entspannungsmassage, durchblutungsf\u00f6rdernd, vitalisierend, f\u00fcr eine langanhaltende Tiefenentspannung<\/li><\/ol>\n\n\n\n<p><\/p>\n\n\n\n<h2 class=\"wp-block-heading\" id=\"spa-treatment\"><strong>Spa &#8211; Treatment<\/strong><\/h2>\n\n\n\n<figure class=\"wp-block-gallery has-nested-images columns-default is-cropped wp-block-gallery-2 is-layout-flex wp-block-gallery-is-layout-flex\">\n<figure class=\"wp-block-image size-large\"><img loading=\"lazy\" decoding=\"async\" width=\"1024\" height=\"614\" data-id=\"125\" src=\"https:\/\/nanthai.de\/wp-content\/uploads\/2020\/07\/2000-18_woman-with-white-facial-mask-1024x614.jpg\" alt=\"\" class=\"wp-image-125\" srcset=\"https:\/\/www.jasmin-thaimassage.de\/wp-content\/uploads\/2020\/07\/2000-18_woman-with-white-facial-mask-1024x614.jpg 1024w, https:\/\/www.jasmin-thaimassage.de\/wp-content\/uploads\/2020\/07\/2000-18_woman-with-white-facial-mask-300x180.jpg 300w, https:\/\/www.jasmin-thaimassage.de\/wp-content\/uploads\/2020\/07\/2000-18_woman-with-white-facial-mask-768x461.jpg 768w, https:\/\/www.jasmin-thaimassage.de\/wp-content\/uploads\/2020\/07\/2000-18_woman-with-white-facial-mask-1536x922.jpg 1536w, https:\/\/www.jasmin-thaimassage.de\/wp-content\/uploads\/2020\/07\/2000-18_woman-with-white-facial-mask.jpg 2000w\" sizes=\"auto, (max-width: 767px) 89vw, (max-width: 1000px) 54vw, (max-width: 1071px) 543px, 580px\" \/><\/figure>\n\n\n\n<figure class=\"wp-block-image size-large\"><img loading=\"lazy\" decoding=\"async\" width=\"1024\" height=\"614\" data-id=\"74\" src=\"https:\/\/nanthai.de\/wp-content\/uploads\/2020\/07\/2000-1_header-1024x614.jpg\" alt=\"\" class=\"wp-image-74\" srcset=\"https:\/\/www.jasmin-thaimassage.de\/wp-content\/uploads\/2020\/07\/2000-1_header-1024x614.jpg 1024w, https:\/\/www.jasmin-thaimassage.de\/wp-content\/uploads\/2020\/07\/2000-1_header-300x180.jpg 300w, https:\/\/www.jasmin-thaimassage.de\/wp-content\/uploads\/2020\/07\/2000-1_header-768x461.jpg 768w, https:\/\/www.jasmin-thaimassage.de\/wp-content\/uploads\/2020\/07\/2000-1_header-1536x922.jpg 1536w, https:\/\/www.jasmin-thaimassage.de\/wp-content\/uploads\/2020\/07\/2000-1_header.jpg 2000w\" sizes=\"auto, (max-width: 767px) 89vw, (max-width: 1000px) 54vw, (max-width: 1071px) 543px, 580px\" \/><\/figure>\n\n\n\n<figure class=\"wp-block-image size-large\"><img loading=\"lazy\" decoding=\"async\" width=\"1024\" height=\"614\" data-id=\"89\" src=\"https:\/\/nanthai.de\/wp-content\/uploads\/2020\/07\/2000-16_-1024x614.jpg\" alt=\"\" class=\"wp-image-89\" srcset=\"https:\/\/www.jasmin-thaimassage.de\/wp-content\/uploads\/2020\/07\/2000-16_-1024x614.jpg 1024w, https:\/\/www.jasmin-thaimassage.de\/wp-content\/uploads\/2020\/07\/2000-16_-300x180.jpg 300w, https:\/\/www.jasmin-thaimassage.de\/wp-content\/uploads\/2020\/07\/2000-16_-768x461.jpg 768w, https:\/\/www.jasmin-thaimassage.de\/wp-content\/uploads\/2020\/07\/2000-16_-1536x922.jpg 1536w, https:\/\/www.jasmin-thaimassage.de\/wp-content\/uploads\/2020\/07\/2000-16_.jpg 2000w\" sizes=\"auto, (max-width: 767px) 89vw, (max-width: 1000px) 54vw, (max-width: 1071px) 543px, 580px\" \/><\/figure>\n\n\n\n<figure class=\"wp-block-image size-large\"><img loading=\"lazy\" decoding=\"async\" width=\"1024\" height=\"614\" data-id=\"84\" src=\"https:\/\/nanthai.de\/wp-content\/uploads\/2020\/07\/2000-11_-1024x614.jpg\" alt=\"\" class=\"wp-image-84\" srcset=\"https:\/\/www.jasmin-thaimassage.de\/wp-content\/uploads\/2020\/07\/2000-11_-1024x614.jpg 1024w, https:\/\/www.jasmin-thaimassage.de\/wp-content\/uploads\/2020\/07\/2000-11_-300x180.jpg 300w, https:\/\/www.jasmin-thaimassage.de\/wp-content\/uploads\/2020\/07\/2000-11_-768x461.jpg 768w, https:\/\/www.jasmin-thaimassage.de\/wp-content\/uploads\/2020\/07\/2000-11_-1536x922.jpg 1536w, https:\/\/www.jasmin-thaimassage.de\/wp-content\/uploads\/2020\/07\/2000-11_.jpg 2000w\" sizes=\"auto, (max-width: 767px) 89vw, (max-width: 1000px) 54vw, (max-width: 1071px) 543px, 580px\" \/><\/figure>\n\n\n\n<figure class=\"wp-block-image size-large\"><img loading=\"lazy\" decoding=\"async\" width=\"1024\" height=\"614\" data-id=\"152\" src=\"https:\/\/nanthai.de\/wp-content\/uploads\/2020\/07\/2000-1_sauna-1024x614.jpg\" alt=\"\" class=\"wp-image-152\" srcset=\"https:\/\/www.jasmin-thaimassage.de\/wp-content\/uploads\/2020\/07\/2000-1_sauna-1024x614.jpg 1024w, https:\/\/www.jasmin-thaimassage.de\/wp-content\/uploads\/2020\/07\/2000-1_sauna-300x180.jpg 300w, https:\/\/www.jasmin-thaimassage.de\/wp-content\/uploads\/2020\/07\/2000-1_sauna-768x461.jpg 768w, https:\/\/www.jasmin-thaimassage.de\/wp-content\/uploads\/2020\/07\/2000-1_sauna-1536x922.jpg 1536w, https:\/\/www.jasmin-thaimassage.de\/wp-content\/uploads\/2020\/07\/2000-1_sauna.jpg 2000w\" sizes=\"auto, (max-width: 767px) 89vw, (max-width: 1000px) 54vw, (max-width: 1071px) 543px, 580px\" \/><\/figure>\n<\/figure>\n\n\n\n<p><strong>Ganzk\u00f6rper- und Gesichtsbehandlung<\/strong> &#8211; besteht aus<\/p>\n\n\n\n<p>Kombination unserer Gesichts &#8211; und Ganzk\u00f6rperbehandlung<\/p>\n\n\n\n<p>Sauna ( ca. 15 Min )<br>Ganzk\u00f6rper-Peeling ( ca. 15 Min )<br>Gesichtsbehandlung ( ca. 15 Min)<br>anschliessend duschen und dann <br>Entspannungsmassage ( 60 Min )<\/p>\n","protected":false},"excerpt":{"rendered":"<p>Facials &amp; Body Treatment Wellnessbehandlungen f\u00fcr Sie und Ihn Facial Treatment Gesichtsbehandlung &#8211; besteht aus Ultra Facial Cleanser &#8211; milde und effektiver Gesichtsreinigung f\u00fcr jeden Hauttyp. Gl\u00e4ttet die Hautoberfl\u00e4che. PH-neutral f\u00fcr die optimale Gesichtspflege Ultra Facial Toner &#8211; mildes und effektives Gesichtswasser f\u00fcr jeden Hauttyp, hilft das Hautbild zu verfeinern und ist die ideale Basis &hellip; <\/p>\n<p class=\"link-more\"><a href=\"https:\/\/www.jasmin-thaimassage.de\/?page_id=202\" class=\"more-link\"><span class=\"screen-reader-text\">\u201eWellnessbehandlungen und  Anwendungen\u201c<\/span> weiterlesen<\/a><\/p>\n","protected":false},"author":1,"featured_media":0,"parent":2,"menu_order":0,"comment_status":"closed","ping_status":"open","template":"","meta":{"_mi_skip_tracking":false,"_monsterinsights_sitenote_active":false,"_monsterinsights_sitenote_note":"","_monsterinsights_sitenote_category":0,"footnotes":""},"class_list":["post-202","page","type-page","status-publish","hentry"],"aioseo_notices":[],"_links":{"self":[{"href":"https:\/\/www.jasmin-thaimassage.de\/index.php?rest_route=\/wp\/v2\/pages\/202","targetHints":{"allow":["GET"]}}],"collection":[{"href":"https:\/\/www.jasmin-thaimassage.de\/index.php?rest_route=\/wp\/v2\/pages"}],"about":[{"href":"https:\/\/www.jasmin-thaimassage.de\/index.php?rest_route=\/wp\/v2\/types\/page"}],"author":[{"embeddable":true,"href":"https:\/\/www.jasmin-thaimassage.de\/index.php?rest_route=\/wp\/v2\/users\/1"}],"replies":[{"embeddable":true,"href":"https:\/\/www.jasmin-thaimassage.de\/index.php?rest_route=%2Fwp%2Fv2%2Fcomments&post=202"}],"version-history":[{"count":9,"href":"https:\/\/www.jasmin-thaimassage.de\/index.php?rest_route=\/wp\/v2\/pages\/202\/revisions"}],"predecessor-version":[{"id":304,"href":"https:\/\/www.jasmin-thaimassage.de\/index.php?rest_route=\/wp\/v2\/pages\/202\/revisions\/304"}],"up":[{"embeddable":true,"href":"https:\/\/www.jasmin-thaimassage.de\/index.php?rest_route=\/wp\/v2\/pages\/2"}],"wp:attachment":[{"href":"https:\/\/www.jasmin-thaimassage.de\/index.php?rest_route=%2Fwp%2Fv2%2Fmedia&parent=202"}],"curies":[{"name":"wp","href":"https:\/\/api.w.org\/{rel}","templated":true}]}}