{"id":204,"date":"2020-07-12T17:45:33","date_gmt":"2020-07-12T17:45:33","guid":{"rendered":"https:\/\/nanthai.de\/?page_id=204"},"modified":"2023-04-29T19:27:51","modified_gmt":"2023-04-29T19:27:51","slug":"unsere-massagen","status":"publish","type":"page","link":"https:\/\/www.jasmin-thaimassage.de\/?page_id=204","title":{"rendered":"unsere Massagen"},"content":{"rendered":"\n<h2 class=\"wp-block-heading\" id=\"traditionelle-thai-massage\"><strong>Traditionelle Thai-Massage<\/strong><\/h2>\n\n\n\n<figure class=\"wp-block-image size-large\"><img loading=\"lazy\" decoding=\"async\" width=\"1024\" height=\"614\" src=\"https:\/\/nanthai.de\/wp-content\/uploads\/2020\/07\/2000-14_-1024x614.jpg\" alt=\"\" class=\"wp-image-87\" srcset=\"https:\/\/www.jasmin-thaimassage.de\/wp-content\/uploads\/2020\/07\/2000-14_-1024x614.jpg 1024w, https:\/\/www.jasmin-thaimassage.de\/wp-content\/uploads\/2020\/07\/2000-14_-300x180.jpg 300w, https:\/\/www.jasmin-thaimassage.de\/wp-content\/uploads\/2020\/07\/2000-14_-768x461.jpg 768w, https:\/\/www.jasmin-thaimassage.de\/wp-content\/uploads\/2020\/07\/2000-14_-1536x922.jpg 1536w, https:\/\/www.jasmin-thaimassage.de\/wp-content\/uploads\/2020\/07\/2000-14_.jpg 2000w\" sizes=\"auto, (max-width: 767px) 89vw, (max-width: 1000px) 54vw, (max-width: 1071px) 543px, 580px\" \/><\/figure>\n\n\n\n<p>Bei der traditionellen Thaimassagen werden bestimmte Energiepunkte von den F\u00fc\u00dfen an aufw\u00e4rts unter vollem K\u00f6rpereinsatz stimuliert.<\/p>\n\n\n\n<p>Die Masseure setzen dazu H\u00e4nde und F\u00fc\u00dfe, Ellbogen und Knie ein und \u00fcben ordentlichen Druck auf die sogenannten Energie-Punkte aus.<\/p>\n\n\n\n<p>Dabei werden im Liegen und Sitzen Arme und Beine gestreckt, wie beim Yoga. Nur dass man selbst passiv bleibt. Hinterher f\u00fchlt man sich wunderbar locker und gest\u00e4rkt.<\/p>\n\n\n\n<p><\/p>\n\n\n<div class=\"wp-block-image\">\n<figure class=\"aligncenter size-large is-resized\"><img loading=\"lazy\" decoding=\"async\" src=\"https:\/\/nanthai.de\/wp-content\/uploads\/2020\/07\/trenner2.png\" alt=\"\" class=\"wp-image-143\" width=\"152\" height=\"72\" srcset=\"https:\/\/www.jasmin-thaimassage.de\/wp-content\/uploads\/2020\/07\/trenner2.png 607w, https:\/\/www.jasmin-thaimassage.de\/wp-content\/uploads\/2020\/07\/trenner2-300x141.png 300w\" sizes=\"auto, (max-width: 152px) 100vw, 152px\" \/><\/figure>\n<\/div>\n\n\n<h2 class=\"wp-block-heading\" id=\"aroma-ol-massage\"><strong>Aroma \u00d6l Massage<\/strong><\/h2>\n\n\n\n<figure class=\"wp-block-image size-large\"><img loading=\"lazy\" decoding=\"async\" width=\"1024\" height=\"502\" src=\"https:\/\/nanthai.de\/wp-content\/uploads\/2020\/07\/2000-15_1-1024x502.jpg\" alt=\"\" class=\"wp-image-88\" srcset=\"https:\/\/www.jasmin-thaimassage.de\/wp-content\/uploads\/2020\/07\/2000-15_1-1024x502.jpg 1024w, https:\/\/www.jasmin-thaimassage.de\/wp-content\/uploads\/2020\/07\/2000-15_1-300x147.jpg 300w, https:\/\/www.jasmin-thaimassage.de\/wp-content\/uploads\/2020\/07\/2000-15_1-768x376.jpg 768w, https:\/\/www.jasmin-thaimassage.de\/wp-content\/uploads\/2020\/07\/2000-15_1-1536x753.jpg 1536w, https:\/\/www.jasmin-thaimassage.de\/wp-content\/uploads\/2020\/07\/2000-15_1.jpg 2000w\" sizes=\"auto, (max-width: 767px) 89vw, (max-width: 1000px) 54vw, (max-width: 1071px) 543px, 580px\" \/><\/figure>\n\n\n\n<p>Die \u00d6lmassage bewirkt eine tiefe k\u00f6rperliche und seelische Entspannung und intensive Erfahrung von Wohlbefinden.<\/p>\n\n\n\n<p>Sie f\u00f6rdert den Abbau von Stress, Giften und Schlacken, wirkt st\u00e4rkend, harmonisierend und vitalisierend, verleiht frische Energie bei Ersch\u00f6pfung, st\u00e4rkt das Immunsystem und die Selbstheilungskr\u00e4fte, mobilisiert Stoffwechsel und Lymphfluss, bewirkt seidige, geschmeidige und samtweiche Haut.<\/p>\n\n\n<div class=\"wp-block-image\">\n<figure class=\"aligncenter size-large is-resized\"><img loading=\"lazy\" decoding=\"async\" src=\"https:\/\/nanthai.de\/wp-content\/uploads\/2020\/07\/trenner2.png\" alt=\"\" class=\"wp-image-143\" width=\"152\" height=\"72\" srcset=\"https:\/\/www.jasmin-thaimassage.de\/wp-content\/uploads\/2020\/07\/trenner2.png 607w, https:\/\/www.jasmin-thaimassage.de\/wp-content\/uploads\/2020\/07\/trenner2-300x141.png 300w\" sizes=\"auto, (max-width: 152px) 100vw, 152px\" \/><\/figure>\n<\/div>\n\n\n<h2 class=\"wp-block-heading\" id=\"hot-stone-massage\"><strong>Hot-Stone Massage<\/strong><\/h2>\n\n\n\n<figure class=\"wp-block-image size-large\"><img loading=\"lazy\" decoding=\"async\" width=\"1024\" height=\"614\" src=\"https:\/\/nanthai.de\/wp-content\/uploads\/2020\/07\/2000-4_spa-1024x614.jpg\" alt=\"\" class=\"wp-image-77\" srcset=\"https:\/\/www.jasmin-thaimassage.de\/wp-content\/uploads\/2020\/07\/2000-4_spa-1024x614.jpg 1024w, https:\/\/www.jasmin-thaimassage.de\/wp-content\/uploads\/2020\/07\/2000-4_spa-300x180.jpg 300w, https:\/\/www.jasmin-thaimassage.de\/wp-content\/uploads\/2020\/07\/2000-4_spa-768x461.jpg 768w, https:\/\/www.jasmin-thaimassage.de\/wp-content\/uploads\/2020\/07\/2000-4_spa-1536x922.jpg 1536w, https:\/\/www.jasmin-thaimassage.de\/wp-content\/uploads\/2020\/07\/2000-4_spa.jpg 2000w\" sizes=\"auto, (max-width: 767px) 89vw, (max-width: 1000px) 54vw, (max-width: 1071px) 543px, 580px\" \/><\/figure>\n\n\n\n<p>Bei der Hot-Stone-Massage werden die Steine auf etwa 60 Grad aufgew\u00e4rmt und ein Teil der Steine auf der Liege an markanten Stellen verteilt. Der Behandelte legt sich mit dem R\u00fccken auf diese platzierten Steine. Daraufhin wird warmes Kr\u00e4uter-\u00d6l auf dem K\u00f6rper verteilt und damit werden die Energiequellen des K\u00f6rpers nachgezogen.Es werden weitere Steine auf dem Kopf, dem Bauch, den Armen und Beinen und den F\u00fc\u00dfen verteilt. Auch dies geschieht an ganz markanten Stellen um den W\u00e4rmefluss durch den K\u00f6rper zu gew\u00e4hrleisten.<\/p>\n\n\n\n<p>Weitere Steine werden aktiv (meist mit \u00d6l) zum Massieren genutzt. Dabei beginnt der Therapeut am Kopf, massiert weiter in Richtung Arme, Brust und Bauch und schlie\u00dft dann mit Beinen und F\u00fc\u00dfen ab. Der ganze K\u00f6rper ist nun von W\u00e4rme durchflutet und komplett entspannt.<\/p>\n\n\n\n<p><\/p>\n\n\n<div class=\"wp-block-image\">\n<figure class=\"aligncenter size-large is-resized\"><img loading=\"lazy\" decoding=\"async\" src=\"https:\/\/nanthai.de\/wp-content\/uploads\/2020\/07\/trenner2.png\" alt=\"\" class=\"wp-image-143\" width=\"152\" height=\"72\" srcset=\"https:\/\/www.jasmin-thaimassage.de\/wp-content\/uploads\/2020\/07\/trenner2.png 607w, https:\/\/www.jasmin-thaimassage.de\/wp-content\/uploads\/2020\/07\/trenner2-300x141.png 300w\" sizes=\"auto, (max-width: 152px) 100vw, 152px\" \/><\/figure>\n<\/div>\n\n\n<h2 class=\"wp-block-heading\" id=\"hot-stone-massage\"><strong>Himalaya Hot-Salt-Stone Massage<\/strong><\/h2>\n\n\n\n<figure class=\"wp-block-image size-large\"><img loading=\"lazy\" decoding=\"async\" width=\"1024\" height=\"614\" src=\"http:\/\/www.jasmin-thaimassage.de\/wp-content\/uploads\/2020\/07\/2000-4_spa-1024x614.jpg\" alt=\"\" class=\"wp-image-77\" srcset=\"https:\/\/www.jasmin-thaimassage.de\/wp-content\/uploads\/2020\/07\/2000-4_spa-1024x614.jpg 1024w, https:\/\/www.jasmin-thaimassage.de\/wp-content\/uploads\/2020\/07\/2000-4_spa-300x180.jpg 300w, https:\/\/www.jasmin-thaimassage.de\/wp-content\/uploads\/2020\/07\/2000-4_spa-768x461.jpg 768w, https:\/\/www.jasmin-thaimassage.de\/wp-content\/uploads\/2020\/07\/2000-4_spa-1536x922.jpg 1536w, https:\/\/www.jasmin-thaimassage.de\/wp-content\/uploads\/2020\/07\/2000-4_spa.jpg 2000w\" sizes=\"auto, (max-width: 767px) 89vw, (max-width: 1000px) 54vw, (max-width: 1071px) 543px, 580px\" \/><\/figure>\n\n\n\n<p>Bei der Himalaya Hot-Salt-Stone-Massage werden die sanften Steinsalzeffleuragen eingesetzt um gezielt den Lyphstoffwechsel zu stimulieren und durch die Pressuren eine Aktivierung des Muskelstoffwechsels und somit die Regeneration der Muskulatur anzuregen. <\/p>\n\n\n\n<p>Diese Technik \u00fcberzeugt mit erlebbarer und erkl\u00e4rbarer Wirkung die sich als bedondere Massageform im Spa positionieren darf.<\/p>\n\n\n\n<p>Positive Auswirkungen der Himalaya Hot-Salt-Stone Massage sind u.a. eine Erh\u00f6hung der Durchblutung, Verbesserung des Stoffwechsels, verbesserte Gelenk und Muskel Flexibilit\u00e4t<\/p>\n\n\n\n<p>Die Himalaya Hot-Salt-Stone Massage dient der Verbesserung von chronischen Schmerzen, Arthritis, Hautunreinheiten, Cellulitis, R\u00fccken-und Kopfschmerzen.<\/p>\n\n\n\n<h2 class=\"wp-block-heading\" id=\"sesamol-massage\"><strong>Sesam\u00f6l Massage<\/strong><\/h2>\n\n\n\n<figure class=\"wp-block-image size-large\"><img loading=\"lazy\" decoding=\"async\" width=\"1024\" height=\"614\" src=\"https:\/\/nanthai.de\/wp-content\/uploads\/2020\/07\/2000-12_-1024x614.jpg\" alt=\"\" class=\"wp-image-85\" srcset=\"https:\/\/www.jasmin-thaimassage.de\/wp-content\/uploads\/2020\/07\/2000-12_-1024x614.jpg 1024w, https:\/\/www.jasmin-thaimassage.de\/wp-content\/uploads\/2020\/07\/2000-12_-300x180.jpg 300w, https:\/\/www.jasmin-thaimassage.de\/wp-content\/uploads\/2020\/07\/2000-12_-768x461.jpg 768w, https:\/\/www.jasmin-thaimassage.de\/wp-content\/uploads\/2020\/07\/2000-12_-1536x922.jpg 1536w, https:\/\/www.jasmin-thaimassage.de\/wp-content\/uploads\/2020\/07\/2000-12_.jpg 2000w\" sizes=\"auto, (max-width: 767px) 89vw, (max-width: 1000px) 54vw, (max-width: 1071px) 543px, 580px\" \/><\/figure>\n\n\n\n<p>Diese Massage ist eine Thai \u00d6l-Massage&nbsp; unter Anwendung von Sesam\u00f6l.<\/p>\n\n\n\n<p>Bei der Sesam\u00f6l-Massage wird warmes Sesam\u00f6l mit streichenden Massagegriffen in die Haut einmassiert. Das warme \u00d6l kann toxische Schlacken wie Nikotin, Alkohol, Medikamente im Gewebe l\u00f6sen und dient neben der Tiefenentspannung auch der inneren Reinigung. Gleichzeitig setzt bei dieser Massagetechnik ein Gef\u00fchl v\u00f6lliger Entspannung ein und ist wohltuend f\u00fcr K\u00f6rper &amp; Geist. Sesam\u00f6l gilt auch als Nerventonikum und regeneriert zugleich die Hornschicht.<\/p>\n\n\n<div class=\"wp-block-image\">\n<figure class=\"aligncenter size-large is-resized\"><img loading=\"lazy\" decoding=\"async\" src=\"https:\/\/nanthai.de\/wp-content\/uploads\/2020\/07\/trenner2.png\" alt=\"\" class=\"wp-image-143\" width=\"152\" height=\"72\" srcset=\"https:\/\/www.jasmin-thaimassage.de\/wp-content\/uploads\/2020\/07\/trenner2.png 607w, https:\/\/www.jasmin-thaimassage.de\/wp-content\/uploads\/2020\/07\/trenner2-300x141.png 300w\" sizes=\"auto, (max-width: 152px) 100vw, 152px\" \/><\/figure>\n<\/div>\n\n\n<h2 class=\"wp-block-heading\" id=\"kokosnussol-massage\"><strong>Kokosnuss\u00f6l Massage<\/strong><\/h2>\n\n\n\n<figure class=\"wp-block-image size-large\"><img loading=\"lazy\" decoding=\"async\" width=\"1024\" height=\"502\" src=\"https:\/\/nanthai.de\/wp-content\/uploads\/2020\/07\/2000-15_1-1024x502.jpg\" alt=\"\" class=\"wp-image-88\" srcset=\"https:\/\/www.jasmin-thaimassage.de\/wp-content\/uploads\/2020\/07\/2000-15_1-1024x502.jpg 1024w, https:\/\/www.jasmin-thaimassage.de\/wp-content\/uploads\/2020\/07\/2000-15_1-300x147.jpg 300w, https:\/\/www.jasmin-thaimassage.de\/wp-content\/uploads\/2020\/07\/2000-15_1-768x376.jpg 768w, https:\/\/www.jasmin-thaimassage.de\/wp-content\/uploads\/2020\/07\/2000-15_1-1536x753.jpg 1536w, https:\/\/www.jasmin-thaimassage.de\/wp-content\/uploads\/2020\/07\/2000-15_1.jpg 2000w\" sizes=\"auto, (max-width: 767px) 89vw, (max-width: 1000px) 54vw, (max-width: 1071px) 543px, 580px\" \/><\/figure>\n\n\n\n<p>Diese Massage ist eine Thai \u00d6l-Massage&nbsp; unter Anwendung von Kokosnuss-\u00d6l.<\/p>\n\n\n\n<p>Wertvolle Inhaltsstoffe des Kokosnuss-\u00d6ls dringen tief in die Haut ein und erfrischen sie.<\/p>\n\n\n\n<p>Eine Massage mit Kokosnuss-\u00d6l ist besonders bei trockener Haut zu empfehlen.<\/p>\n\n\n<div class=\"wp-block-image\">\n<figure class=\"aligncenter size-large is-resized\"><img loading=\"lazy\" decoding=\"async\" src=\"https:\/\/nanthai.de\/wp-content\/uploads\/2020\/07\/trenner2.png\" alt=\"\" class=\"wp-image-143\" width=\"152\" height=\"72\" srcset=\"https:\/\/www.jasmin-thaimassage.de\/wp-content\/uploads\/2020\/07\/trenner2.png 607w, https:\/\/www.jasmin-thaimassage.de\/wp-content\/uploads\/2020\/07\/trenner2-300x141.png 300w\" sizes=\"auto, (max-width: 152px) 100vw, 152px\" \/><\/figure>\n<\/div>\n\n\n<h2 class=\"wp-block-heading\" id=\"aloe-vera-massage\"><strong>Aloe Vera Massage<\/strong><\/h2>\n\n\n\n<figure class=\"wp-block-image size-large\"><img loading=\"lazy\" decoding=\"async\" width=\"1024\" height=\"614\" src=\"https:\/\/nanthai.de\/wp-content\/uploads\/2020\/07\/2000-10_-1024x614.jpg\" alt=\"\" class=\"wp-image-83\" srcset=\"https:\/\/www.jasmin-thaimassage.de\/wp-content\/uploads\/2020\/07\/2000-10_-1024x614.jpg 1024w, https:\/\/www.jasmin-thaimassage.de\/wp-content\/uploads\/2020\/07\/2000-10_-300x180.jpg 300w, https:\/\/www.jasmin-thaimassage.de\/wp-content\/uploads\/2020\/07\/2000-10_-768x461.jpg 768w, https:\/\/www.jasmin-thaimassage.de\/wp-content\/uploads\/2020\/07\/2000-10_-1536x922.jpg 1536w, https:\/\/www.jasmin-thaimassage.de\/wp-content\/uploads\/2020\/07\/2000-10_.jpg 2000w\" sizes=\"auto, (max-width: 767px) 89vw, (max-width: 1000px) 54vw, (max-width: 1071px) 543px, 580px\" \/><\/figure>\n\n\n\n<p>Diese Massage ist eine Thai \u00d6l-Massage&nbsp; unter Anwendung von Aloe-Vera-\u00d6l. Massage\u00f6l mit Aloe Vera hat eine besonders feuchtigkeitsspendende Eigenschaft.<\/p>\n\n\n\n<p>Empfindliche Haut wird beruhigt und Sie sp\u00fcren ein besonderes Gef\u00fchl von Leichtigkeit.<\/p>\n\n\n<div class=\"wp-block-image\">\n<figure class=\"aligncenter size-large is-resized\"><img loading=\"lazy\" decoding=\"async\" src=\"https:\/\/nanthai.de\/wp-content\/uploads\/2020\/07\/trenner2.png\" alt=\"\" class=\"wp-image-143\" width=\"152\" height=\"72\" srcset=\"https:\/\/www.jasmin-thaimassage.de\/wp-content\/uploads\/2020\/07\/trenner2.png 607w, https:\/\/www.jasmin-thaimassage.de\/wp-content\/uploads\/2020\/07\/trenner2-300x141.png 300w\" sizes=\"auto, (max-width: 152px) 100vw, 152px\" \/><\/figure>\n<\/div>\n\n\n<h2 class=\"wp-block-heading\" id=\"krauterdampf-massage\"><strong>Kr\u00e4uterdampf Massage<\/strong><\/h2>\n\n\n\n<figure class=\"wp-block-image size-large\"><img loading=\"lazy\" decoding=\"async\" width=\"1024\" height=\"543\" src=\"https:\/\/nanthai.de\/wp-content\/uploads\/2020\/07\/2000-1_kraueter-1024x543.jpg\" alt=\"\" class=\"wp-image-150\" srcset=\"https:\/\/www.jasmin-thaimassage.de\/wp-content\/uploads\/2020\/07\/2000-1_kraueter-1024x543.jpg 1024w, https:\/\/www.jasmin-thaimassage.de\/wp-content\/uploads\/2020\/07\/2000-1_kraueter-300x159.jpg 300w, https:\/\/www.jasmin-thaimassage.de\/wp-content\/uploads\/2020\/07\/2000-1_kraueter-768x407.jpg 768w, https:\/\/www.jasmin-thaimassage.de\/wp-content\/uploads\/2020\/07\/2000-1_kraueter-1536x815.jpg 1536w, https:\/\/www.jasmin-thaimassage.de\/wp-content\/uploads\/2020\/07\/2000-1_kraueter.jpg 2000w\" sizes=\"auto, (max-width: 767px) 89vw, (max-width: 1000px) 54vw, (max-width: 1071px) 543px, 580px\" \/><\/figure>\n\n\n\n<p>Eine Behandlung mit hei\u00dfen, mit exotischen Kr\u00e4utern gef\u00fcllten Kompressen ist eine Wohltat.<\/p>\n\n\n\n<p>Die Kr\u00e4uterwirkstoffe dienen zur Anregung des Stoffwechsels und entschlacken den K\u00f6rper auf schonende Art.Die Kombination von Druck, Dehnung und W\u00e4rme wirkt wohltuend und entspannend. Die W\u00e4rme \u00f6ffnet die Poren und reinigt die Haut.<\/p>\n\n\n\n<p>Die Haut wird sanft gepeelt und gepflegt. Der sinnliche Duft der Kr\u00e4uter und \u00d6le macht die Entspannung perfekt und sorgt f\u00fcr neue Kraft und Energie.<\/p>\n\n\n<div class=\"wp-block-image\">\n<figure class=\"aligncenter size-large is-resized\"><img loading=\"lazy\" decoding=\"async\" src=\"https:\/\/nanthai.de\/wp-content\/uploads\/2020\/07\/trenner2.png\" alt=\"\" class=\"wp-image-143\" width=\"152\" height=\"72\" srcset=\"https:\/\/www.jasmin-thaimassage.de\/wp-content\/uploads\/2020\/07\/trenner2.png 607w, https:\/\/www.jasmin-thaimassage.de\/wp-content\/uploads\/2020\/07\/trenner2-300x141.png 300w\" sizes=\"auto, (max-width: 152px) 100vw, 152px\" \/><\/figure>\n<\/div>\n\n\n<h2 class=\"wp-block-heading\" id=\"rucken-nacken-massage\"><strong>R\u00fccken\/Nacken Massage<\/strong><\/h2>\n\n\n\n<figure class=\"wp-block-image size-large\"><img loading=\"lazy\" decoding=\"async\" width=\"1024\" height=\"614\" src=\"https:\/\/nanthai.de\/wp-content\/uploads\/2020\/07\/2000-6_woman-1-1024x614.jpg\" alt=\"\" class=\"wp-image-151\" srcset=\"https:\/\/www.jasmin-thaimassage.de\/wp-content\/uploads\/2020\/07\/2000-6_woman-1-1024x614.jpg 1024w, https:\/\/www.jasmin-thaimassage.de\/wp-content\/uploads\/2020\/07\/2000-6_woman-1-300x180.jpg 300w, https:\/\/www.jasmin-thaimassage.de\/wp-content\/uploads\/2020\/07\/2000-6_woman-1-768x461.jpg 768w, https:\/\/www.jasmin-thaimassage.de\/wp-content\/uploads\/2020\/07\/2000-6_woman-1-1536x922.jpg 1536w, https:\/\/www.jasmin-thaimassage.de\/wp-content\/uploads\/2020\/07\/2000-6_woman-1.jpg 2000w\" sizes=\"auto, (max-width: 767px) 89vw, (max-width: 1000px) 54vw, (max-width: 1071px) 543px, 580px\" \/><\/figure>\n\n\n\n<p>Wohltuende Massage bei R\u00fccken- und Nackenverspannungen.<\/p>\n\n\n\n<p>Die Muskulatur wird unter Verwendung von warmen \u00d6len sanft aufgelockert und gedehnt. Angenehme Stretchelemente und Drucktechniken stimulieren die Blutzirkulation in den Muskeln und f\u00fchren zur Entspannung von strapazierten Muskeln.<\/p>\n\n\n<div class=\"wp-block-image\">\n<figure class=\"aligncenter size-large is-resized\"><img loading=\"lazy\" decoding=\"async\" src=\"https:\/\/nanthai.de\/wp-content\/uploads\/2020\/07\/trenner2.png\" alt=\"\" class=\"wp-image-143\" width=\"152\" height=\"72\" srcset=\"https:\/\/www.jasmin-thaimassage.de\/wp-content\/uploads\/2020\/07\/trenner2.png 607w, https:\/\/www.jasmin-thaimassage.de\/wp-content\/uploads\/2020\/07\/trenner2-300x141.png 300w\" sizes=\"auto, (max-width: 152px) 100vw, 152px\" \/><\/figure>\n<\/div>\n\n\n<div class=\"wp-block-group\"><div class=\"wp-block-group__inner-container is-layout-flow wp-block-group-is-layout-flow\">\n<div class=\"wp-block-group\"><div class=\"wp-block-group__inner-container is-layout-flow wp-block-group-is-layout-flow\">\n<div class=\"wp-block-group\"><div class=\"wp-block-group__inner-container is-layout-flow wp-block-group-is-layout-flow\">\n<h2 class=\"wp-block-heading\" id=\"fuss-massage\"><strong>Fu\u00df-Massage<\/strong><\/h2>\n\n\n\n<figure class=\"wp-block-image size-large\"><img loading=\"lazy\" decoding=\"async\" width=\"1024\" height=\"614\" src=\"https:\/\/nanthai.de\/wp-content\/uploads\/2020\/07\/2000-1_fussmassage-1024x614.jpg\" alt=\"\" class=\"wp-image-139\" srcset=\"https:\/\/www.jasmin-thaimassage.de\/wp-content\/uploads\/2020\/07\/2000-1_fussmassage-1024x614.jpg 1024w, https:\/\/www.jasmin-thaimassage.de\/wp-content\/uploads\/2020\/07\/2000-1_fussmassage-300x180.jpg 300w, https:\/\/www.jasmin-thaimassage.de\/wp-content\/uploads\/2020\/07\/2000-1_fussmassage-768x461.jpg 768w, https:\/\/www.jasmin-thaimassage.de\/wp-content\/uploads\/2020\/07\/2000-1_fussmassage-1536x922.jpg 1536w, https:\/\/www.jasmin-thaimassage.de\/wp-content\/uploads\/2020\/07\/2000-1_fussmassage.jpg 2000w\" sizes=\"auto, (max-width: 767px) 89vw, (max-width: 1000px) 54vw, (max-width: 1071px) 543px, 580px\" \/><\/figure>\n<\/div><\/div>\n<\/div><\/div>\n<\/div><\/div>\n\n\n\n<p>Die Fu\u00df- oder Fu\u00dfreflexzonen-Massage basiert auf einer Theorie, nach der sich alle Organe in den Fu\u00dfsohlen widerspiegeln.<\/p>\n\n\n\n<p>Das hei\u00dft: Jedes Organ steht mit einem bestimmten Teil der Fu\u00dfsohle, einer Reflexzone, in enger Verbindung. Auf diese Weise bilden die Fu\u00dfsohlen einen Spiegel der Gesundheit. Ist ein Organ krank, l\u00f6st ein Druck auf die zugeh\u00f6rige Reflexzone Schmerz aus.<\/p>\n\n\n\n<p>Ebenso k\u00f6nnen sich Krankheiten durch eine Fu\u00dfreflexzonenmassage positiv beeinflussen lassen. Massiert man eine bestimmte Fu\u00dfzone, kann das entsprechende Organ besser durchblutet und Heilungsprozesse unterst\u00fctzt werden.<\/p>\n\n\n\n<p>Es gibt genaue \u201eFu\u00dfkarten\u201c, auf denen die Reflexzonen und ihre Wirkungspunkte verzeichnet sind.<\/p>\n","protected":false},"excerpt":{"rendered":"<p>Traditionelle Thai-Massage Bei der traditionellen Thaimassagen werden bestimmte Energiepunkte von den F\u00fc\u00dfen an aufw\u00e4rts unter vollem K\u00f6rpereinsatz stimuliert. Die Masseure setzen dazu H\u00e4nde und F\u00fc\u00dfe, Ellbogen und Knie ein und \u00fcben ordentlichen Druck auf die sogenannten Energie-Punkte aus. Dabei werden im Liegen und Sitzen Arme und Beine gestreckt, wie beim Yoga. Nur dass man selbst &hellip; <\/p>\n<p class=\"link-more\"><a href=\"https:\/\/www.jasmin-thaimassage.de\/?page_id=204\" class=\"more-link\"><span class=\"screen-reader-text\">\u201eunsere Massagen\u201c<\/span> weiterlesen<\/a><\/p>\n","protected":false},"author":1,"featured_media":0,"parent":2,"menu_order":1,"comment_status":"closed","ping_status":"open","template":"","meta":{"_mi_skip_tracking":false,"_monsterinsights_sitenote_active":false,"_monsterinsights_sitenote_note":"","_monsterinsights_sitenote_category":0,"footnotes":""},"class_list":["post-204","page","type-page","status-publish","hentry"],"aioseo_notices":[],"_links":{"self":[{"href":"https:\/\/www.jasmin-thaimassage.de\/index.php?rest_route=\/wp\/v2\/pages\/204","targetHints":{"allow":["GET"]}}],"collection":[{"href":"https:\/\/www.jasmin-thaimassage.de\/index.php?rest_route=\/wp\/v2\/pages"}],"about":[{"href":"https:\/\/www.jasmin-thaimassage.de\/index.php?rest_route=\/wp\/v2\/types\/page"}],"author":[{"embeddable":true,"href":"https:\/\/www.jasmin-thaimassage.de\/index.php?rest_route=\/wp\/v2\/users\/1"}],"replies":[{"embeddable":true,"href":"https:\/\/www.jasmin-thaimassage.de\/index.php?rest_route=%2Fwp%2Fv2%2Fcomments&post=204"}],"version-history":[{"count":12,"href":"https:\/\/www.jasmin-thaimassage.de\/index.php?rest_route=\/wp\/v2\/pages\/204\/revisions"}],"predecessor-version":[{"id":397,"href":"https:\/\/www.jasmin-thaimassage.de\/index.php?rest_route=\/wp\/v2\/pages\/204\/revisions\/397"}],"up":[{"embeddable":true,"href":"https:\/\/www.jasmin-thaimassage.de\/index.php?rest_route=\/wp\/v2\/pages\/2"}],"wp:attachment":[{"href":"https:\/\/www.jasmin-thaimassage.de\/index.php?rest_route=%2Fwp%2Fv2%2Fmedia&parent=204"}],"curies":[{"name":"wp","href":"https:\/\/api.w.org\/{rel}","templated":true}]}}